{"id":959,"date":"2023-05-27T11:11:57","date_gmt":"2023-05-27T11:11:57","guid":{"rendered":"https:\/\/cuxglamping.de\/?page_id=959"},"modified":"2023-05-27T11:31:51","modified_gmt":"2023-05-27T11:31:51","slug":"baumhaus-ohne-haustierbegleitung","status":"publish","type":"page","link":"https:\/\/cuxglamping.de\/index.php\/baumhaus-ohne-haustierbegleitung\/","title":{"rendered":"Baumhaus ohne Haustierbegleitung"},"content":{"rendered":"\n<p><strong>Baumhaus<\/strong> mit Bockspringbett f\u00fcr 2 Personen ohne Haustierbegleitung. <\/p>\n\n\n\n<p>G\u00e4sten, die in Begleitung eines Haustiers anreisen m\u00f6chten, bieten wir besonders vorbereitete Unterk\u00fcnfte an, die Sie <a href=\"https:\/\/cuxglamping.de\/index.php\/baumhaus-mit-haustierbegleitung\/\">hier buchen k\u00f6nnen<\/a>. <\/p>\n\n\n\n\t\t\t\t<div class=\"abc-singlecalendar\" data-checkin-69d3025a9783b=\"0\" data-offset-69d3025a9783b=\"0\" data-month-69d3025a9783b=\"0\" id=\"abc_singlecalendar_69d3025a9783b\">\n\t\t\t\t\t<div class=\"abc-box abc-single-row\">\n\t\t\t\t\t\t<div data-calendar=\"7\" data-id=\"69d3025a9783b\" class=\"abc-box abc-button abc-single-button-left\">\n\t\t\t\t\t\t\t<button class=\"fa fa-chevron-left abc-button-rl\"><\/button>\n\t\t\t\t\t\t<\/div>\n\t\t\t\t\t\t<div class=\"abc-box abc-month\">\n\t\t\t\t\t\t\t<img alt=\"Lade...\" src=\"https:\/\/cuxglamping.de\/wp-admin\/images\/wpspin_light.gif\" class=\"waiting\" id=\"abc_single_loading-69d3025a9783b\" style=\"display:none\" \/><span id=\"singlecalendar-month-69d3025a9783b\">April 2026<\/span><\/div>\n\t\t\t\t\t\t\t<div data-calendar=\"7\" data-id=\"69d3025a9783b\" class=\"abc-box abc-button abc-single-button-right\">\n\t\t\t\t\t\t\t\t<button class=\"fa fa-chevron-right abc-button-rl\"><\/button>\n\t\t\t\t\t\t<\/div>\n\t\t\t\t\t<\/div>\n\t\t\t\t\t<div class=\"abc-box abc-single-row\">\n\t\t\t\t\t<div class=\"abc-box abc-col-day abc-dayname\">Mo<\/div>\n\t\t\t\t\t<div class=\"abc-box abc-col-day abc-dayname abc-dotted\">Di<\/div>\n\t\t\t\t\t<div class=\"abc-box abc-col-day abc-dayname abc-dotted\">Mi<\/div>\n\t\t\t\t\t<div class=\"abc-box abc-col-day abc-dayname abc-dotted\">Do<\/div>\n\t\t\t\t\t<div class=\"abc-box abc-col-day abc-dayname abc-dotted\">Fr<\/div>\n\t\t\t\t\t<div class=\"abc-box abc-col-day abc-dayname abc-dotted\">Sa<\/div>\n\t\t\t\t\t<div class=\"abc-box abc-col-day abc-dayname abc-dotted\">So<\/div>\n\t\t\t\t\t<\/div>\n\t\t\t\t\t<div id=\"abc-calendar-days-69d3025a9783b\">\n\t\t\t\t\t\t<div class=\"abc-box abc-single-row\"><div class=\"abc-box abc-col-day \">&nbsp;<\/div><div class=\"abc-box abc-col-day abc-dotted \">&nbsp;<\/div><div title=\"\" data-calendar=\"7\" data-id=\"69d3025a9783b\" data-date=\"2026-04-01\" class=\"abc-box abc-col-day abc-dotted abc-past abc-date-item \" id=\"abc-day-69d3025a9783b2026-04-01\">1<br \/><span class=\"abc-single-price\"><\/span><\/div><div title=\"\" data-calendar=\"7\" data-id=\"69d3025a9783b\" data-date=\"2026-04-02\" class=\"abc-box abc-col-day abc-dotted abc-past abc-date-item \" id=\"abc-day-69d3025a9783b2026-04-02\">2<br \/><span class=\"abc-single-price\"><\/span><\/div><div title=\"\" data-calendar=\"7\" data-id=\"69d3025a9783b\" data-date=\"2026-04-03\" class=\"abc-box abc-col-day abc-dotted abc-past abc-date-item \" id=\"abc-day-69d3025a9783b2026-04-03\">3<br \/><span class=\"abc-single-price\"><\/span><\/div><div title=\"\" data-calendar=\"7\" data-id=\"69d3025a9783b\" data-date=\"2026-04-04\" class=\"abc-box abc-col-day abc-dotted abc-past abc-date-item \" id=\"abc-day-69d3025a9783b2026-04-04\">4<br \/><span class=\"abc-single-price\"><\/span><\/div><div title=\"\" data-calendar=\"7\" data-id=\"69d3025a9783b\" data-date=\"2026-04-05\" class=\"abc-box abc-col-day abc-dotted abc-past abc-date-item \" id=\"abc-day-69d3025a9783b2026-04-05\">5<br \/><span class=\"abc-single-price\"><\/span><\/div><\/div><div class=\"abc-box abc-single-row\"><div title=\"Verf\u00fcgbar:\n06.04.2026: 100 \u20ac\" data-calendar=\"7\" data-id=\"69d3025a9783b\" data-date=\"2026-04-06\" class=\"abc-box abc-col-day abc-avail abc-date-selector abc-date-item \" id=\"abc-day-69d3025a9783b2026-04-06\">6<br \/><span class=\"abc-single-price\">100 \u20ac<\/span><\/div><div title=\"Verf\u00fcgbar:\n07.04.2026: 100 \u20ac\" data-calendar=\"7\" data-id=\"69d3025a9783b\" data-date=\"2026-04-07\" class=\"abc-box abc-col-day abc-dotted abc-avail abc-date-selector abc-date-item \" id=\"abc-day-69d3025a9783b2026-04-07\">7<br \/><span class=\"abc-single-price\">100 \u20ac<\/span><\/div><div title=\"Verf\u00fcgbar:\n08.04.2026: 100 \u20ac\" data-calendar=\"7\" data-id=\"69d3025a9783b\" data-date=\"2026-04-08\" class=\"abc-box abc-col-day abc-dotted abc-avail abc-date-selector abc-date-item \" id=\"abc-day-69d3025a9783b2026-04-08\">8<br \/><span class=\"abc-single-price\">100 \u20ac<\/span><\/div><div title=\"Verf\u00fcgbar:\n09.04.2026: 100 \u20ac\" data-calendar=\"7\" data-id=\"69d3025a9783b\" data-date=\"2026-04-09\" class=\"abc-box abc-col-day abc-dotted abc-avail abc-date-selector abc-date-item \" id=\"abc-day-69d3025a9783b2026-04-09\">9<br \/><span class=\"abc-single-price\">100 \u20ac<\/span><\/div><div title=\"Verf\u00fcgbar:\n10.04.2026: 100 \u20ac\" data-calendar=\"7\" data-id=\"69d3025a9783b\" data-date=\"2026-04-10\" class=\"abc-box abc-col-day abc-dotted abc-avail abc-date-selector abc-date-item \" id=\"abc-day-69d3025a9783b2026-04-10\">10<br \/><span class=\"abc-single-price\">100 \u20ac<\/span><\/div><div title=\"Verf\u00fcgbar:\n11.04.2026: 100 \u20ac\" data-calendar=\"7\" data-id=\"69d3025a9783b\" data-date=\"2026-04-11\" class=\"abc-box abc-col-day abc-dotted abc-avail abc-date-selector abc-date-item \" id=\"abc-day-69d3025a9783b2026-04-11\">11<br \/><span class=\"abc-single-price\">100 \u20ac<\/span><\/div><div title=\"Verf\u00fcgbar:\n12.04.2026: 100 \u20ac\" data-calendar=\"7\" data-id=\"69d3025a9783b\" data-date=\"2026-04-12\" class=\"abc-box abc-col-day abc-dotted abc-avail abc-date-selector abc-date-item \" id=\"abc-day-69d3025a9783b2026-04-12\">12<br \/><span class=\"abc-single-price\">100 \u20ac<\/span><\/div><\/div><div class=\"abc-box abc-single-row\"><div title=\"Verf\u00fcgbar:\n13.04.2026: 100 \u20ac\" data-calendar=\"7\" data-id=\"69d3025a9783b\" data-date=\"2026-04-13\" class=\"abc-box abc-col-day abc-avail abc-date-selector abc-date-item \" id=\"abc-day-69d3025a9783b2026-04-13\">13<br \/><span class=\"abc-single-price\">100 \u20ac<\/span><\/div><div title=\"Verf\u00fcgbar:\n14.04.2026: 100 \u20ac\" data-calendar=\"7\" data-id=\"69d3025a9783b\" data-date=\"2026-04-14\" class=\"abc-box abc-col-day abc-dotted abc-avail abc-date-selector abc-date-item \" id=\"abc-day-69d3025a9783b2026-04-14\">14<br \/><span class=\"abc-single-price\">100 \u20ac<\/span><\/div><div title=\"Verf\u00fcgbar:\n15.04.2026: 100 \u20ac\" data-calendar=\"7\" data-id=\"69d3025a9783b\" data-date=\"2026-04-15\" class=\"abc-box abc-col-day abc-dotted abc-avail abc-date-selector abc-date-item \" id=\"abc-day-69d3025a9783b2026-04-15\">15<br \/><span class=\"abc-single-price\">100 \u20ac<\/span><\/div><div title=\"Verf\u00fcgbar:\n16.04.2026: 100 \u20ac\" data-calendar=\"7\" data-id=\"69d3025a9783b\" data-date=\"2026-04-16\" class=\"abc-box abc-col-day abc-dotted abc-avail abc-date-selector abc-date-item \" id=\"abc-day-69d3025a9783b2026-04-16\">16<br \/><span class=\"abc-single-price\">100 \u20ac<\/span><\/div><div title=\"Verf\u00fcgbar:\n17.04.2026: 100 \u20ac\" data-calendar=\"7\" data-id=\"69d3025a9783b\" data-date=\"2026-04-17\" class=\"abc-box abc-col-day abc-dotted abc-avail abc-date-selector abc-date-item \" id=\"abc-day-69d3025a9783b2026-04-17\">17<br \/><span class=\"abc-single-price\">100 \u20ac<\/span><\/div><div title=\"Verf\u00fcgbar:\n18.04.2026: 100 \u20ac\" data-calendar=\"7\" data-id=\"69d3025a9783b\" data-date=\"2026-04-18\" class=\"abc-box abc-col-day abc-dotted abc-avail abc-date-selector abc-date-item \" id=\"abc-day-69d3025a9783b2026-04-18\">18<br \/><span class=\"abc-single-price\">100 \u20ac<\/span><\/div><div title=\"Verf\u00fcgbar:\n19.04.2026: 100 \u20ac\" data-calendar=\"7\" data-id=\"69d3025a9783b\" data-date=\"2026-04-19\" class=\"abc-box abc-col-day abc-dotted abc-avail abc-date-selector abc-date-item \" id=\"abc-day-69d3025a9783b2026-04-19\">19<br \/><span class=\"abc-single-price\">100 \u20ac<\/span><\/div><\/div><div class=\"abc-box abc-single-row\"><div title=\"Verf\u00fcgbar:\n20.04.2026: 100 \u20ac\" data-calendar=\"7\" data-id=\"69d3025a9783b\" data-date=\"2026-04-20\" class=\"abc-box abc-col-day abc-avail abc-date-selector abc-date-item \" id=\"abc-day-69d3025a9783b2026-04-20\">20<br \/><span class=\"abc-single-price\">100 \u20ac<\/span><\/div><div title=\"Verf\u00fcgbar:\n21.04.2026: 100 \u20ac\" data-calendar=\"7\" data-id=\"69d3025a9783b\" data-date=\"2026-04-21\" class=\"abc-box abc-col-day abc-dotted abc-avail abc-date-selector abc-date-item \" id=\"abc-day-69d3025a9783b2026-04-21\">21<br \/><span class=\"abc-single-price\">100 \u20ac<\/span><\/div><div title=\"Verf\u00fcgbar:\n22.04.2026: 100 \u20ac\" data-calendar=\"7\" data-id=\"69d3025a9783b\" data-date=\"2026-04-22\" class=\"abc-box abc-col-day abc-dotted abc-avail abc-date-selector abc-date-item \" id=\"abc-day-69d3025a9783b2026-04-22\">22<br \/><span class=\"abc-single-price\">100 \u20ac<\/span><\/div><div title=\"Verf\u00fcgbar:\n23.04.2026: 100 \u20ac\" data-calendar=\"7\" data-id=\"69d3025a9783b\" data-date=\"2026-04-23\" class=\"abc-box abc-col-day abc-dotted abc-avail abc-date-selector abc-date-item \" id=\"abc-day-69d3025a9783b2026-04-23\">23<br \/><span class=\"abc-single-price\">100 \u20ac<\/span><\/div><div title=\"Verf\u00fcgbar:\n24.04.2026: 100 \u20ac\" data-calendar=\"7\" data-id=\"69d3025a9783b\" data-date=\"2026-04-24\" class=\"abc-box abc-col-day abc-dotted abc-avail abc-date-selector abc-date-item \" id=\"abc-day-69d3025a9783b2026-04-24\">24<br \/><span class=\"abc-single-price\">100 \u20ac<\/span><\/div><div title=\"Verf\u00fcgbar:\n25.04.2026: 100 \u20ac\" data-calendar=\"7\" data-id=\"69d3025a9783b\" data-date=\"2026-04-25\" class=\"abc-box abc-col-day abc-dotted abc-avail abc-date-selector abc-date-item \" id=\"abc-day-69d3025a9783b2026-04-25\">25<br \/><span class=\"abc-single-price\">100 \u20ac<\/span><\/div><div title=\"Verf\u00fcgbar:\n26.04.2026: 100 \u20ac\" data-calendar=\"7\" data-id=\"69d3025a9783b\" data-date=\"2026-04-26\" class=\"abc-box abc-col-day abc-dotted abc-avail abc-date-selector abc-date-item \" id=\"abc-day-69d3025a9783b2026-04-26\">26<br \/><span class=\"abc-single-price\">100 \u20ac<\/span><\/div><\/div><div class=\"abc-box abc-single-row\"><div title=\"Verf\u00fcgbar:\n27.04.2026: 100 \u20ac\" data-calendar=\"7\" data-id=\"69d3025a9783b\" data-date=\"2026-04-27\" class=\"abc-box abc-col-day abc-avail abc-date-selector abc-date-item \" id=\"abc-day-69d3025a9783b2026-04-27\">27<br \/><span class=\"abc-single-price\">100 \u20ac<\/span><\/div><div title=\"Verf\u00fcgbar:\n28.04.2026: 100 \u20ac\" data-calendar=\"7\" data-id=\"69d3025a9783b\" data-date=\"2026-04-28\" class=\"abc-box abc-col-day abc-dotted abc-avail abc-date-selector abc-date-item \" id=\"abc-day-69d3025a9783b2026-04-28\">28<br \/><span class=\"abc-single-price\">100 \u20ac<\/span><\/div><div title=\"Verf\u00fcgbar:\n29.04.2026: 100 \u20ac\" data-calendar=\"7\" data-id=\"69d3025a9783b\" data-date=\"2026-04-29\" class=\"abc-box abc-col-day abc-dotted abc-avail abc-date-selector abc-date-item \" id=\"abc-day-69d3025a9783b2026-04-29\">29<br \/><span class=\"abc-single-price\">100 \u20ac<\/span><\/div><div title=\"Verf\u00fcgbar:\n30.04.2026: 100 \u20ac\" data-calendar=\"7\" data-id=\"69d3025a9783b\" data-date=\"2026-04-30\" class=\"abc-box abc-col-day abc-dotted abc-avail abc-date-selector abc-date-item \" id=\"abc-day-69d3025a9783b2026-04-30\">30<br \/><span class=\"abc-single-price\">100 \u20ac<\/span><\/div><\/div>\n\t\t\t\t\t<\/div><div class=\"abc-single-legend\">\n\t\t\t\t\t\t\t\t\t\t\t<span class=\"fa fa-square-o abc-single-legend-available\"><\/span>\n\t\t\t\t\t\t\t\t\t\t\tVerf\u00fcgbar<span class=\"fa fa-square abc-single-legend-fully\"><\/span>\n\t\t\t\t\t\t\t\t\t\tAusgebucht\n\t\t\t\t\t\t\t\t\t\t<\/div><div id=\"abc-booking-69d3025a9783b\" class=\"abc-booking-selection\">\n\t\t\t\t\t<\/div>\n\t\t\t\t<\/div>\n\n\n\n<p><\/p>\n","protected":false},"excerpt":{"rendered":"<p>Baumhaus mit Bockspringbett f\u00fcr 2 Personen ohne Haustierbegleitung. G\u00e4sten, die in Begleitung eines Haustiers anreisen m\u00f6chten, bieten wir besonders vorbereitete Unterk\u00fcnfte an, die Sie hier buchen k\u00f6nnen.<\/p>\n","protected":false},"author":1,"featured_media":0,"parent":0,"menu_order":0,"comment_status":"closed","ping_status":"closed","template":"","meta":[],"_links":{"self":[{"href":"https:\/\/cuxglamping.de\/index.php\/wp-json\/wp\/v2\/pages\/959"}],"collection":[{"href":"https:\/\/cuxglamping.de\/index.php\/wp-json\/wp\/v2\/pages"}],"about":[{"href":"https:\/\/cuxglamping.de\/index.php\/wp-json\/wp\/v2\/types\/page"}],"author":[{"embeddable":true,"href":"https:\/\/cuxglamping.de\/index.php\/wp-json\/wp\/v2\/users\/1"}],"replies":[{"embeddable":true,"href":"https:\/\/cuxglamping.de\/index.php\/wp-json\/wp\/v2\/comments?post=959"}],"version-history":[{"count":7,"href":"https:\/\/cuxglamping.de\/index.php\/wp-json\/wp\/v2\/pages\/959\/revisions"}],"predecessor-version":[{"id":973,"href":"https:\/\/cuxglamping.de\/index.php\/wp-json\/wp\/v2\/pages\/959\/revisions\/973"}],"wp:attachment":[{"href":"https:\/\/cuxglamping.de\/index.php\/wp-json\/wp\/v2\/media?parent=959"}],"curies":[{"name":"wp","href":"https:\/\/api.w.org\/{rel}","templated":true}]}}