{"id":451,"date":"2022-04-05T16:15:51","date_gmt":"2022-04-05T16:15:51","guid":{"rendered":"https:\/\/create4.net\/cuxglamping2\/?page_id=451"},"modified":"2025-06-21T16:59:54","modified_gmt":"2025-06-21T16:59:54","slug":"datenschutz","status":"publish","type":"page","link":"https:\/\/cuxglamping.de\/index.php\/datenschutz\/","title":{"rendered":"Datenschutz"},"content":{"rendered":"\n<p><strong>Datenschutzerkl\u00e4rung nach der DSGVO<\/strong><\/p>\n\n\n\n<p><strong>1. Name und Anschrift des Verantwortlichen<\/strong><br>Der Verantwortliche im Sinne der Datenschutz-Grundverordnung und anderer nationaler<br>Datenschutzgesetze der Mitgliedsstaaten sowie sonstiger datenschutzrechtlicher<br>Bestimmungen ist:<\/p>\n\n\n\n<p>Manuel Albers<br>Peilstelle 13-15<br>27639 Wurster Nordseek\u00fcste\/Nordholz<br>anfrage@cuxglamping.de<br>mobil: 0155\/62192023<\/p>\n\n\n\n<p><strong>2. Name und Anschrift des Datenschutzbeauftragten<\/strong><br>Der Datenschutzbeauftragte des Verantwortlichen ist:<\/p>\n\n\n\n<p>Manuel Albers<br>Peilstelle 13-15<br>27639 Wurster Nordseek\u00fcste\/Nordholz<br>anfrage@cuxglamping.de<br>mobil: 0155\/62192023<\/p>\n\n\n\n<p><strong>3. Allgemeines zur Datenverarbeitung<\/strong><\/p>\n\n\n<ol>\n<li><strong>Umfang der Verarbeitung personenbezogener Daten<\/strong><br>Wir verarbeiten personenbezogene Daten unserer Nutzer grunds\u00e4tzlich nur, soweit dies zur<br>Bereitstellung einer funktionsf\u00e4higen Website sowie unserer Inhalte und Leistungen<br>erforderlich ist. Die Verarbeitung personenbezogener Daten unserer Nutzer erfolgt<br>regelm\u00e4\u00dfig nur nach Einwilligung des Nutzers. Eine Ausnahme gilt in solchen F\u00e4llen, in denen<br>eine vorherige Einholung einer Einwilligung aus tats\u00e4chlichen Gr\u00fcnden nicht m\u00f6glich ist und<br>die Verarbeitung der Daten durch gesetzliche Vorschriften gestattet ist.<\/li>\n<li><strong>Rechtsgrundlage f\u00fcr die Verarbeitung personenbezogener Daten<\/strong><br>Soweit wir f\u00fcr Verarbeitungsvorg\u00e4nge personenbezogener Daten eine Einwilligung der<br>betroffenen Person einholen, dient Art. 6 Abs. 1 lit. a EU-Datenschutzgrundverordnung<br>(DSGVO) als Rechtsgrundlage.<br>Bei der Verarbeitung von personenbezogenen Daten, die zur Erf\u00fcllung eines Vertrages,<br>dessen Vertragspartei die betroffene Person ist, erforderlich ist, dient Art. 6 Abs. 1 lit. b<br>DSGVO als Rechtsgrundlage. Dies gilt auch f\u00fcr Verarbeitungsvorg\u00e4nge, die zur Durchf\u00fchrung<br>vorvertraglicher Ma\u00dfnahmen erforderlich sind.<br>Soweit eine Verarbeitung personenbezogener Daten zur Erf\u00fcllung einer rechtlichen<br>Verpflichtung erforderlich ist, der unser Unternehmen unterliegt, dient Art. 6 Abs. 1 lit. c<br>DSGVO als Rechtsgrundlage.<br>F\u00fcr den Fall, dass lebenswichtige Interessen der betroffenen Person oder einer anderen<br>nat\u00fcrlichen Person eine Verarbeitung personenbezogener Daten erforderlich machen, dient<br>Art. 6 Abs. 1 lit. d DSGVO als Rechtsgrundlage.<br>Ist die Verarbeitung zur Wahrung eines berechtigten Interesses unseres Unternehmens oder<br>eines Dritten erforderlich und \u00fcberwiegen die Interessen, Grundrechte und Grundfreiheiten<br>des Betroffenen das erstgenannte Interesse nicht, so dient Art. 6 Abs. 1 lit. f DSGVO als<br>Rechtsgrundlage f\u00fcr die Verarbeitung.<\/li>\n<li><strong>Datenl\u00f6schung und Speicherdauer<\/strong><br>Die personenbezogenen Daten der betroffenen Person werden gel\u00f6scht oder gesperrt,<br>sobald der Zweck der Speicherung entf\u00e4llt. Eine Speicherung kann dar\u00fcber hinaus erfolgen,<br>wenn dies durch den europ\u00e4ischen oder nationalen Gesetzgeber in unionsrechtlichen<br>Verordnungen, Gesetzen oder sonstigen Vorschriften, denen der Verantwortliche unterliegt,<br>vorgesehen wurde. Eine Sperrung oder L\u00f6schung der Daten erfolgt auch dann, wenn eine<br>durch die genannten Normen vorgeschriebene Speicherfrist abl\u00e4uft, es sei denn, dass eine<br>Erforderlichkeit zur weiteren Speicherung der Daten f\u00fcr einen Vertragsabschluss oder eine<br>Vertragserf\u00fcllung besteht.<\/li>\n<\/ol>\n\n\n<p><strong>4. Bereitstellung der Website und Erstellung von Logfiles<\/strong><\/p>\n\n\n\n<ol><li><strong>Beschreibung und Umfang der Datenverarbeitung<\/strong><br>Bei jedem Aufruf unserer Internetseite erfasst unser System automatisiert Daten und<br>Informationen vom Computersystem des aufrufenden Rechners.<br>Folgende Daten werden hierbei erhoben:<br>(1) Informationen \u00fcber den Browsertyp und die verwendete Version<br>(2) Das Betriebssystem des Nutzers<br>(3) Den Internet-Service-Provider des Nutzers<br>(4) Die IP-Adresse des Nutzers<br>(5) Datum und Uhrzeit des Zugriffs<br>(6) Websites, von denen das System des Nutzers auf unsere Internetseite gelangt<br>(7) Websites, die vom System des Nutzers \u00fcber unsere Website aufgerufen werden<br>Die Logfiles enthalten IP-Adressen oder sonstige Daten, die eine Zuordnung zu<br>einem Nutzer erm\u00f6glichen. Dies k\u00f6nnte beispielsweise der Fall sein, wenn der Link zur<br>Website, von der der Nutzer auf die Internetseite gelangt, oder der Link zur Website, zu der<br>der Nutzer wechselt, personenbezogene Daten enth\u00e4lt.<br>Die Daten werden ebenfalls in den Logfiles unseres Systems gespeichert. Eine<br>Speicherung dieser Daten zusammen mit anderen personenbezogenen Daten des<br>Nutzers findet nicht statt.<br><\/li><li><strong>Rechtsgrundlage f\u00fcr die Datenverarbeitung<\/strong><br>Rechtsgrundlage f\u00fcr die vor\u00fcbergehende Speicherung der Daten und der Logfiles ist<br>Art. 6 Abs. 1 lit. f DSGVO.<br><\/li><li><strong>Zweck der Datenverarbeitung<\/strong><br>Die Speicherung in Logfiles erfolgt, um die Funktionsf\u00e4higkeit der Website<br>sicherzustellen. Zudem dienen uns die Daten zur Optimierung der Website und zur<br>Sicherstellung der Sicherheit unserer informationstechnischen Systeme. Eine<br>Auswertung der Daten zu Marketingzwecken findet in diesem Zusammenhang nicht<br>statt.<br>In diesen Zwecken liegt auch unser berechtigtes Interesse an der Datenverarbeitung nach<br>Art. 6 Abs. 1 lit. f DSGVO.<\/li><li><strong>Dauer der Speicherung<\/strong><br>Im Falle der Speicherung der Daten in Logfiles ist dies nach sp\u00e4testens 4 Wochen<br>der Fall. Eine dar\u00fcberhinausgehende Speicherung ist m\u00f6glich. In diesem Fall werden<br>die IP-Adressen der Nutzer gel\u00f6scht oder verfremdet, sodass eine Zuordnung des<br>aufrufenden Clients nicht mehr m\u00f6glich ist.<\/li><li><strong>Widerspruchs- und Beseitigungsm\u00f6glichkeit<\/strong><br>Die Erfassung der Daten zur Bereitstellung der Website und die Speicherung der Daten in<br>Logfiles ist f\u00fcr den Betrieb der Internetseite zwingend erforderlich. Es besteht folglich<br>seitens des Nutzers keine Widerspruchsm\u00f6glichkeit.<\/li><\/ol>\n\n\n\n<p><strong>5. Kontaktformular und E-Mail-Kontakt<\/strong><\/p>\n\n\n\n<ol><li><strong>Beschreibung und Umfang der Datenverarbeitung<\/strong><br>Auf unserer Internetseite ist ein Kontaktformular vorhanden, welches f\u00fcr die elektronische<br>Kontaktaufnahme genutzt werden kann. Nimmt ein Nutzer diese M\u00f6glichkeit wahr, so<br>werden die in der Eingabemaske eingegeben Daten an uns \u00fcbermittelt und gespeichert.<br>Diese Daten sind:<br>Vorname, Nachname, E-Mailadresse, Art der Unterkunft, Datum einer m\u00f6glichen Anreise, Tag einer m\u00f6glichen Abreise und m\u00f6glicherweise individuelle Informationen. <br>Im Zeitpunkt der Absendung der Nachricht werden zudem folgende Daten gespeichert:<br>Es folgt eine Auflistung der entsprechenden Daten. Beispiele k\u00f6nnen sein:<br>(1) Die IP-Adresse des Nutzers<br>(2) Datum und Uhrzeit<br>F\u00fcr die Verarbeitung der Daten wird im Rahmen des Absendevorgangs Ihre Einwilligung<br>eingeholt und auf diese Datenschutzerkl\u00e4rung verwiesen.<br>Alternativ ist eine Kontaktaufnahme \u00fcber die bereitgestellte E-Mail-Adresse m\u00f6glich. In<br>diesem Fall werden die mit der E-Mail \u00fcbermittelten personenbezogenen Daten des Nutzers<br>gespeichert.<br>Es erfolgt in diesem Zusammenhang keine Weitergabe der Daten an Dritte. Die Daten<br>werden ausschlie\u00dflich f\u00fcr die Verarbeitung der Konversation verwendet.<\/li><li><strong>Rechtsgrundlage f\u00fcr die Datenverarbeitung<\/strong><br>Rechtsgrundlage f\u00fcr die Verarbeitung der Daten ist bei Vorliegen einer Einwilligung des<br>Nutzers Art. 6 Abs. 1 lit. a DSGVO.<br>Rechtsgrundlage f\u00fcr die Verarbeitung der Daten, die im Zuge einer \u00dcbersendung einer EMail \u00fcbermittelt werden, ist Art. 6 Abs. 1 lit. f DSGVO. Zielt der E-Mail-Kontakt auf den<br>Abschluss eines Vertrages ab, so ist zus\u00e4tzliche Rechtsgrundlage f\u00fcr die Verarbeitung Art. 6<br>Abs. 1 lit. b DSGVO.<\/li><li><strong>Zweck der Datenverarbeitung<\/strong><br>Die Verarbeitung der personenbezogenen Daten aus der Eingabemaske dient uns allein zur<br>Bearbeitung der Kontaktaufnahme. Im Falle einer Kontaktaufnahme per E-Mail liegt hieran<br>auch das erforderliche berechtigte Interesse an der Verarbeitung der Daten.<br>Die sonstigen w\u00e4hrend des Absendevorgangs verarbeiteten personenbezogenen Daten<br>dienen dazu, einen Missbrauch des Kontaktformulars zu verhindern und die Sicherheit<br>unserer informationstechnischen Systeme sicherzustellen.<\/li><li><strong>Dauer der Speicherung<\/strong><br>Die Daten werden gel\u00f6scht, sobald sie f\u00fcr die Erreichung des Zweckes ihrer Erhebung nicht<br>mehr erforderlich sind. F\u00fcr die personenbezogenen Daten aus der Eingabemaske des<br>Kontaktformulars und diejenigen, die per E-Mail \u00fcbersandt wurden, ist dies dann der Fall,<br>wenn die jeweilige Konversation mit dem Nutzer beendet ist. Beendet ist die Konversation<br>dann, wenn sich aus den Umst\u00e4nden entnehmen l\u00e4sst, dass der betroffene Sachverhalt<br>abschlie\u00dfend gekl\u00e4rt ist.<br>Die w\u00e4hrend des Absendevorgangs zus\u00e4tzlich erhobenen personenbezogenen Daten werden<br>sp\u00e4testens nach einer Frist von 4 Wochen gel\u00f6scht.<\/li><li><strong>Widerspruchs- und Beseitigungsm\u00f6glichkeit<\/strong><br>Der Nutzer hat jederzeit die M\u00f6glichkeit, seine Einwilligung zur Verarbeitung der<br>personenbezogenen Daten zu widerrufen. Nimmt der Nutzer per E-Mail Kontakt mit uns auf,<br>so kann er der Speicherung seiner personenbezogenen Daten jederzeit widersprechen. In<br>einem solchen Fall kann die Konversation nicht fortgef\u00fchrt werden.<br>In jedem Fall ist eine schriftliche Form des Widerspruchs notwendig.<br>Alle personenbezogenen Daten, die im Zuge der Kontaktaufnahme gespeichert wurden,<br>werden in diesem Fall gel\u00f6scht.<\/li><\/ol>\n\n\n\n<p><strong>6. Rechte der betroffenen Person<\/strong><br>Die folgende Auflistung umfasst alle Rechte der Betroffenen nach der DSGVO. Rechte, die f\u00fcr<br>die eigene Webseite keine Relevanz haben, m\u00fcssen nicht genannt werden. Insoweit kann die<br>Auflistung gek\u00fcrzt werden.<br>Werden personenbezogene Daten von Ihnen verarbeitet, sind Sie Betroffener i.S.d. DSGVO<br>und es stehen Ihnen folgende Rechte gegen\u00fcber dem Verantwortlichen zu:<\/p>\n\n\n\n<ol><li><strong>Auskunftsrecht<\/strong><br>Sie k\u00f6nnen von dem Verantwortlichen eine Best\u00e4tigung dar\u00fcber verlangen, ob<br>personenbezogene Daten, die Sie betreffen, von uns verarbeitet werden.<br>Liegt eine solche Verarbeitung vor, k\u00f6nnen Sie von dem Verantwortlichen \u00fcber folgende<br>Informationen Auskunft verlangen:<br>(1) die Zwecke, zu denen die personenbezogenen Daten verarbeitet werden;<br>(2) die Kategorien von personenbezogenen Daten, welche verarbeitet werden;<br>(3) die Empf\u00e4nger bzw. die Kategorien von Empf\u00e4ngern, gegen\u00fcber denen die Sie<br>betreffenden personenbezogenen Daten offengelegt wurden oder noch offengelegt<br>werden;<br>(4) die geplante Dauer der Speicherung der Sie betreffenden personenbezogenen Daten<br>oder, falls konkrete Angaben hierzu nicht m\u00f6glich sind, Kriterien f\u00fcr die Festlegung<br>der Speicherdauer;<br>(5) das Bestehen eines Rechts auf Berichtigung oder L\u00f6schung der Sie betreffenden<br>personenbezogenen Daten, eines Rechts auf Einschr\u00e4nkung der Verarbeitung durch<br>den Verantwortlichen oder eines Widerspruchsrechts gegen diese Verarbeitung;<br>(6) das Bestehen eines Beschwerderechts bei einer Aufsichtsbeh\u00f6rde;<br>(7) alle verf\u00fcgbaren Informationen \u00fcber die Herkunft der Daten, wenn die<br>personenbezogenen Daten nicht bei der betroffenen Person erhoben werden;<br>(8) das Bestehen einer automatisierten Entscheidungsfindung einschlie\u00dflich Profiling<br>gem\u00e4\u00df Art. 22 Abs. 1 und 4 DSGVO und \u2013 zumindest in diesen F\u00e4llen \u2013<br>aussagekr\u00e4ftige Informationen \u00fcber die involvierte Logik sowie die Tragweite und die<br>angestrebten Auswirkungen einer derartigen Verarbeitung f\u00fcr die betroffene Person.<br>Ihnen steht das Recht zu, Auskunft dar\u00fcber zu verlangen, ob die Sie betreffenden<br>personenbezogenen Daten in ein Drittland oder an eine internationale Organisation<br>\u00fcbermittelt werden. In diesem Zusammenhang k\u00f6nnen Sie verlangen, \u00fcber die geeigneten<br>Garantien gem. Art. 46 DSGVO im Zusammenhang mit der \u00dcbermittlung unterrichtet zu<br>werden.<br><\/li><li><strong>Recht auf Berichtigung<\/strong><br>Sie haben ein Recht auf Berichtigung und\/oder Vervollst\u00e4ndigung gegen\u00fcber dem<br>Verantwortlichen, sofern die verarbeiteten personenbezogenen Daten, die Sie betreffen,<br>unrichtig oder unvollst\u00e4ndig sind. Der Verantwortliche hat die Berichtigung unverz\u00fcglich<br>vorzunehmen.<br><\/li><li><strong>Recht auf Einschr\u00e4nkung der Verarbeitung<\/strong><br>Unter den folgenden Voraussetzungen k\u00f6nnen Sie die Einschr\u00e4nkung der Verarbeitung der<br>Sie betreffenden personenbezogenen Daten verlangen:<br>(1) wenn Sie die Richtigkeit der Sie betreffenden personenbezogenen f\u00fcr eine Dauer<br>bestreiten, die es dem Verantwortlichen erm\u00f6glicht, die Richtigkeit der<br>personenbezogenen Daten zu \u00fcberpr\u00fcfen.<br>(2) die Verarbeitung unrechtm\u00e4\u00dfig ist und Sie die L\u00f6schung der personenbezogenen<br>Daten ablehnen und stattdessen die Einschr\u00e4nkung der Nutzung der<br>personenbezogenen Daten verlangen;<br>(3) der Verantwortliche die personenbezogenen Daten f\u00fcr die Zwecke der Verarbeitung<br>nicht l\u00e4nger ben\u00f6tigt, Sie diese jedoch zur Geltendmachung, Aus\u00fcbung oder<br>Verteidigung von Rechtsanspr\u00fcchen ben\u00f6tigen, oder<br>(4) wenn Sie Widerspruch gegen die Verarbeitung gem\u00e4\u00df Art. 21 Abs. 1 DSGVO eingelegt<br>haben und noch nicht feststeht, ob die berechtigten Gr\u00fcnde des Verantwortlichen<br>gegen\u00fcber Ihren Gr\u00fcnden \u00fcberwiegen.<br>Wurde die Verarbeitung der Sie betreffenden personenbezogenen Daten eingeschr\u00e4nkt,<br>d\u00fcrfen diese Daten \u2013 von ihrer Speicherung abgesehen \u2013 nur mit Ihrer Einwilligung oder zur<br>Geltendmachung, Aus\u00fcbung oder Verteidigung von Rechtsanspr\u00fcchen oder zum Schutz der<br>Rechte einer anderen nat\u00fcrlichen oder juristischen Person oder aus Gr\u00fcnden eines wichtigen<br>\u00f6ffentlichen Interesses der Union oder eines Mitgliedstaats verarbeitet werden.<br>Wurde die Einschr\u00e4nkung der Verarbeitung nach den o.g. Voraussetzungen eingeschr\u00e4nkt,<br>werden Sie von dem Verantwortlichen unterrichtet bevor die Einschr\u00e4nkung aufgehoben<br>wird.<br><\/li><li><strong>Recht auf L\u00f6schung<\/strong><br>a) L\u00f6schungspflicht<br>Sie k\u00f6nnen von dem Verantwortlichen verlangen, dass die Sie betreffenden<br>personenbezogenen Daten unverz\u00fcglich gel\u00f6scht werden, und der Verantwortliche ist<br>verpflichtet, diese Daten unverz\u00fcglich zu l\u00f6schen, sofern einer der folgenden Gr\u00fcnde zutrifft:<br>(1) Die Sie betreffenden personenbezogenen Daten sind f\u00fcr die Zwecke, f\u00fcr die sie<br>erhoben oder auf sonstige Weise verarbeitet wurden, nicht mehr notwendig.<br>(2) Sie widerrufen Ihre Einwilligung, auf die sich die Verarbeitung gem. Art. 6 Abs. 1 lit. a<br>oder Art. 9 Abs. 2 lit. a DSGVO st\u00fctzte, und es fehlt an einer anderweitigen<br>Rechtsgrundlage f\u00fcr die Verarbeitung.<br>(3) Sie legen gem. Art. 21 Abs. 1 DSGVO Widerspruch gegen die Verarbeitung ein und es<br>liegen keine vorrangigen berechtigten Gr\u00fcnde f\u00fcr die Verarbeitung vor, oder Sie<br>legen gem. Art. 21 Abs. 2 DSGVO Widerspruch gegen die Verarbeitung ein.<br>(4) Die Sie betreffenden personenbezogenen Daten wurden unrechtm\u00e4\u00dfig verarbeitet.<br>(5) Die L\u00f6schung der Sie betreffenden personenbezogenen Daten ist zur Erf\u00fcllung einer<br>rechtlichen Verpflichtung nach dem Unionsrecht oder dem Recht der Mitgliedstaaten<br>erforderlich, dem der Verantwortliche unterliegt.<br>(6) Die Sie betreffenden personenbezogenen Daten wurden in Bezug auf angebotene<br>Dienste der Informationsgesellschaft gem\u00e4\u00df Art. 8 Abs. 1 DSGVO erhoben.<br>b) Information an Dritte<br>Hat der Verantwortliche die Sie betreffenden personenbezogenen Daten \u00f6ffentlich gemacht<br>und ist er gem. Art. 17 Abs. 1 DSGVO zu deren L\u00f6schung verpflichtet, so trifft er unter<br>Ber\u00fccksichtigung der verf\u00fcgbaren Technologie und der Implementierungskosten<br>angemessene Ma\u00dfnahmen, auch technischer Art, um f\u00fcr die Datenverarbeitung<br>Verantwortliche, die die personenbezogenen Daten verarbeiten, dar\u00fcber zu informieren,<br>dass Sie als betroffene Person von ihnen die L\u00f6schung aller Links zu diesen<br>personenbezogenen Daten oder von Kopien oder Replikationen dieser personenbezogenen<br>Daten verlangt haben.<br>c) Ausnahmen<br>Das Recht auf L\u00f6schung besteht nicht, soweit die Verarbeitung erforderlich ist<br>(1) zur Aus\u00fcbung des Rechts auf freie Meinungs\u00e4u\u00dferung und Information;<br>(2) zur Erf\u00fcllung einer rechtlichen Verpflichtung, die die Verarbeitung nach dem Recht<br>der Union oder der Mitgliedstaaten, dem der Verantwortliche unterliegt, erfordert,<br>oder zur Wahrnehmung einer Aufgabe, die im \u00f6ffentlichen Interesse liegt oder in<br>Aus\u00fcbung \u00f6ffentlicher Gewalt erfolgt, die dem Verantwortlichen \u00fcbertragen wurde;<br>(3) aus Gr\u00fcnden des \u00f6ffentlichen Interesses im Bereich der \u00f6ffentlichen Gesundheit<br>gem\u00e4\u00df Art. 9 Abs. 2 lit. h und i sowie Art. 9 Abs. 3 DSGVO;<br>(4) f\u00fcr im \u00f6ffentlichen Interesse liegende Archivzwecke, wissenschaftliche oder<br>historische Forschungszwecke oder f\u00fcr statistische Zwecke gem. Art. 89 Abs. 1<br>DSGVO, soweit das unter Abschnitt a) genannte Recht voraussichtlich die<br>Verwirklichung der Ziele dieser Verarbeitung unm\u00f6glich macht oder ernsthaft<br>beeintr\u00e4chtigt, oder<br>(5) zur Geltendmachung, Aus\u00fcbung oder Verteidigung von Rechtsanspr\u00fcchen.<\/li><li><strong>Recht auf Unterrichtung<\/strong><br>Haben Sie das Recht auf Berichtigung, L\u00f6schung oder Einschr\u00e4nkung der Verarbeitung<br>gegen\u00fcber dem Verantwortlichen geltend gemacht, ist dieser verpflichtet, allen Empf\u00e4ngern,<br>denen die Sie betreffenden personenbezogenen Daten offengelegt wurden, diese<br>Berichtigung oder L\u00f6schung der Daten oder Einschr\u00e4nkung der Verarbeitung mitzuteilen, es<br>sei denn, dies erweist sich als unm\u00f6glich oder ist mit einem unverh\u00e4ltnism\u00e4\u00dfigen Aufwand<br>verbunden.<br>Ihnen steht gegen\u00fcber dem Verantwortlichen das Recht zu, \u00fcber diese Empf\u00e4nger<br>unterrichtet zu werden.<\/li><li><strong>Recht auf Daten\u00fcbertragbarkeit<\/strong><br>Sie haben das Recht, die Sie betreffenden personenbezogenen Daten, die Sie dem<br>Verantwortlichen bereitgestellt haben, in einem strukturierten, g\u00e4ngigen und<br>maschinenlesbaren Format zu erhalten. Au\u00dferdem haben Sie das Recht diese Daten einem<br>anderen Verantwortlichen ohne Behinderung durch den Verantwortlichen, dem die<br>personenbezogenen Daten bereitgestellt wurden, zu \u00fcbermitteln, sofern<br>(1) die Verarbeitung auf einer Einwilligung gem. Art. 6 Abs. 1 lit. a DSGVO oder Art. 9<br>Abs. 2 lit. a DSGVO oder auf einem Vertrag gem. Art. 6 Abs. 1 lit. b DSGVO beruht und<br>(2) die Verarbeitung mithilfe automatisierter Verfahren erfolgt.<br>In Aus\u00fcbung dieses Rechts haben Sie ferner das Recht, zu erwirken, dass die Sie<br>betreffenden personenbezogenen Daten direkt von einem Verantwortlichen einem anderen<br>Verantwortlichen \u00fcbermittelt werden, soweit dies technisch machbar ist. Freiheiten und<br>Rechte anderer Personen d\u00fcrfen hierdurch nicht beeintr\u00e4chtigt werden.<br>Das Recht auf Daten\u00fcbertragbarkeit gilt nicht f\u00fcr eine Verarbeitung personenbezogener<br>Daten, die f\u00fcr die Wahrnehmung einer Aufgabe erforderlich ist, die im \u00f6ffentlichen Interesse<br>liegt oder in Aus\u00fcbung \u00f6ffentlicher Gewalt erfolgt, die dem Verantwortlichen \u00fcbertragen<br>wurde.<br><\/li><li><strong>Widerspruchsrecht<\/strong><br>Sie haben das Recht, aus Gr\u00fcnden, die sich aus ihrer besonderen Situation ergeben, jederzeit<br>gegen die Verarbeitung der Sie betreffenden personenbezogenen Daten, die aufgrund von<br>Art. 6 Abs. 1 lit. e oder f DSGVO erfolgt, Widerspruch einzulegen; dies gilt auch f\u00fcr ein auf<br>diese Bestimmungen gest\u00fctztes Profiling.<br>Der Verantwortliche verarbeitet die Sie betreffenden personenbezogenen Daten nicht mehr,<br>es sei denn, er kann zwingende schutzw\u00fcrdige Gr\u00fcnde f\u00fcr die Verarbeitung nachweisen, die<br>Ihre Interessen, Rechte und Freiheiten \u00fcberwiegen, oder die Verarbeitung dient der<br>Geltendmachung, Aus\u00fcbung oder Verteidigung von Rechtsanspr\u00fcchen.<br>Werden die Sie betreffenden personenbezogenen Daten verarbeitet, um Direktwerbung zu<br>betreiben, haben Sie das Recht, jederzeit Widerspruch gegen die Verarbeitung der Sie<br>betreffenden personenbezogenen Daten zum Zwecke derartiger Werbung einzulegen; dies<br>gilt auch f\u00fcr das Profiling, soweit es mit solcher Direktwerbung in Verbindung steht.<br>Widersprechen Sie der Verarbeitung f\u00fcr Zwecke der Direktwerbung, so werden die Sie<br>betreffenden personenbezogenen Daten nicht mehr f\u00fcr diese Zwecke verarbeitet.<br>Sie haben die M\u00f6glichkeit, im Zusammenhang mit der Nutzung von Diensten der<br>Informationsgesellschaft \u2013 ungeachtet der Richtlinie 2002\/58\/EG \u2013 Ihr Widerspruchsrecht<br>mittels automatisierter Verfahren auszu\u00fcben, bei denen technische Spezifikationen<br>verwendet werden.<br><\/li><li><strong>Recht auf Widerruf der datenschutzrechtlichen Einwilligungserkl\u00e4rung<\/strong><br>Sie haben das Recht, Ihre datenschutzrechtliche Einwilligungserkl\u00e4rung jederzeit zu<br>widerrufen. Durch den Widerruf der Einwilligung wird die Rechtm\u00e4\u00dfigkeit der aufgrund der<br>Einwilligung bis zum Widerruf erfolgten Verarbeitung nicht ber\u00fchrt.<\/li><li><strong>Automatisierte Entscheidung im Einzelfall einschlie\u00dflich Profiling<\/strong><br>Sie haben das Recht, nicht einer ausschlie\u00dflich auf einer automatisierten Verarbeitung \u2013<br>einschlie\u00dflich Profiling \u2013 beruhenden Entscheidung unterworfen zu werden, die Ihnen<br>gegen\u00fcber rechtliche Wirkung entfaltet oder Sie in \u00e4hnlicher Weise erheblich beeintr\u00e4chtigt.<br>Dies gilt nicht, wenn die Entscheidung<br>(1) f\u00fcr den Abschluss oder die Erf\u00fcllung eines Vertrags zwischen Ihnen und dem<br>Verantwortlichen erforderlich ist,<br>(2) aufgrund von Rechtsvorschriften der Union oder der Mitgliedstaaten, denen der<br>Verantwortliche unterliegt, zul\u00e4ssig ist und diese Rechtsvorschriften angemessene<br>Ma\u00dfnahmen zur Wahrung Ihrer Rechte und Freiheiten sowie Ihrer berechtigten<br>Interessen enthalten oder<br>(3) mit Ihrer ausdr\u00fccklichen Einwilligung erfolgt.<br>Allerdings d\u00fcrfen diese Entscheidungen nicht auf besonderen Kategorien<br>personenbezogener Daten nach Art. 9 Abs. 1 DSGVO beruhen, sofern nicht Art. 9 Abs. 2 lit. a<br>oder g DSGVO gilt und angemessene Ma\u00dfnahmen zum Schutz der Rechte und Freiheiten<br>sowie Ihrer berechtigten Interessen getroffen wurden.<br>Hinsichtlich der in (1) und (3) genannten F\u00e4lle trifft der Verantwortliche angemessene<br>Ma\u00dfnahmen, um die Rechte und Freiheiten sowie Ihre berechtigten Interessen zu wahren,<br>wozu mindestens das Recht auf Erwirkung des Eingreifens einer Person seitens des<br>Verantwortlichen, auf Darlegung des eigenen Standpunkts und auf Anfechtung der<br>Entscheidung geh\u00f6rt.<\/li><li><strong>Recht auf Beschwerde bei einer Aufsichtsbeh\u00f6rde<\/strong><br>Unbeschadet eines anderweitigen verwaltungsrechtlichen oder gerichtlichen Rechtsbehelfs<br>steht Ihnen das Recht auf Beschwerde bei einer Aufsichtsbeh\u00f6rde, insbesondere in dem<br>Mitgliedstaat ihres Aufenthaltsorts, ihres Arbeitsplatzes oder des Orts des mutma\u00dflichen<br>Versto\u00dfes, zu, wenn Sie der Ansicht sind, dass die Verarbeitung der Sie betreffenden<br>personenbezogenen Daten gegen die DSGVO verst\u00f6\u00dft.<br>Die Aufsichtsbeh\u00f6rde, bei der die Beschwerde eingereicht wurde, unterrichtet den<br>Beschwerdef\u00fchrer \u00fcber den Stand und die Ergebnisse der Beschwerde einschlie\u00dflich der<br>M\u00f6glichkeit eines gerichtlichen Rechtsbehelfs nach Art. 78 DSGVO.<\/li><\/ol>\n","protected":false},"excerpt":{"rendered":"<p>Datenschutzerkl\u00e4rung nach der DSGVO 1. Name und Anschrift des VerantwortlichenDer Verantwortliche im Sinne der Datenschutz-Grundverordnung und anderer nationalerDatenschutzgesetze der Mitgliedsstaaten sowie sonstiger datenschutzrechtlicherBestimmungen ist: Manuel AlbersPeilstelle 13-1527639 Wurster Nordseek\u00fcste\/Nordholzanfrage@cuxglamping.demobil: 0155\/62192023 2. Name und Anschrift des DatenschutzbeauftragtenDer Datenschutzbeauftragte des Verantwortlichen ist: Manuel AlbersPeilstelle 13-1527639 Wurster Nordseek\u00fcste\/Nordholzanfrage@cuxglamping.demobil: 0155\/62192023 3. Allgemeines zur Datenverarbeitung Umfang der Verarbeitung personenbezogener DatenWir [&hellip;]<\/p>\n","protected":false},"author":1,"featured_media":0,"parent":0,"menu_order":0,"comment_status":"closed","ping_status":"closed","template":"","meta":[],"_links":{"self":[{"href":"https:\/\/cuxglamping.de\/index.php\/wp-json\/wp\/v2\/pages\/451"}],"collection":[{"href":"https:\/\/cuxglamping.de\/index.php\/wp-json\/wp\/v2\/pages"}],"about":[{"href":"https:\/\/cuxglamping.de\/index.php\/wp-json\/wp\/v2\/types\/page"}],"author":[{"embeddable":true,"href":"https:\/\/cuxglamping.de\/index.php\/wp-json\/wp\/v2\/users\/1"}],"replies":[{"embeddable":true,"href":"https:\/\/cuxglamping.de\/index.php\/wp-json\/wp\/v2\/comments?post=451"}],"version-history":[{"count":17,"href":"https:\/\/cuxglamping.de\/index.php\/wp-json\/wp\/v2\/pages\/451\/revisions"}],"predecessor-version":[{"id":1195,"href":"https:\/\/cuxglamping.de\/index.php\/wp-json\/wp\/v2\/pages\/451\/revisions\/1195"}],"wp:attachment":[{"href":"https:\/\/cuxglamping.de\/index.php\/wp-json\/wp\/v2\/media?parent=451"}],"curies":[{"name":"wp","href":"https:\/\/api.w.org\/{rel}","templated":true}]}}